{"id":2948,"date":"2025-01-22T15:51:47","date_gmt":"2025-01-22T15:51:47","guid":{"rendered":"https:\/\/www.mfrenovables.com\/?page_id=2948"},"modified":"2026-02-27T11:56:01","modified_gmt":"2026-02-27T11:56:01","slug":"politicas-privacidad","status":"publish","type":"page","link":"https:\/\/www.mfrenovables.com\/politicas-privacidad\/","title":{"rendered":"Pol\u00edticas privacidad"},"content":{"rendered":"\t\t<div data-elementor-type=\"wp-page\" data-elementor-id=\"2948\" class=\"elementor elementor-2948\" data-elementor-post-type=\"page\">\n\t\t\t\t<div class=\"elementor-element elementor-element-ed87624 e-con-full e-flex e-con e-parent\" data-id=\"ed87624\" data-element_type=\"container\" data-e-type=\"container\">\n\t\t<div class=\"elementor-element elementor-element-775fa12 e-con-full e-flex e-con e-child\" data-id=\"775fa12\" data-element_type=\"container\" data-e-type=\"container\" data-settings=\"{&quot;background_background&quot;:&quot;classic&quot;}\">\n\t\t\t\t<div class=\"elementor-element elementor-element-49879fa elementor-widget elementor-widget-image\" data-id=\"49879fa\" data-element_type=\"widget\" data-e-type=\"widget\" data-widget_type=\"image.default\">\n\t\t\t\t<div class=\"elementor-widget-container\">\n\t\t\t\t\t\t\t\t\t\t\t\t\t\t\t<img decoding=\"async\" src=\"https:\/\/www.mfrenovables.com\/test\/wp-content\/uploads\/2024\/11\/Icono.svg\" title=\"\" alt=\"\" loading=\"lazy\" \/>\t\t\t\t\t\t\t\t\t\t\t\t\t\t\t<\/div>\n\t\t\t\t<\/div>\n\t\t\t\t<div class=\"elementor-element elementor-element-8c98a76 elementor-widget elementor-widget-heading\" data-id=\"8c98a76\" data-element_type=\"widget\" data-e-type=\"widget\" data-widget_type=\"heading.default\">\n\t\t\t\t<div class=\"elementor-widget-container\">\n\t\t\t\t\t<h2 class=\"elementor-heading-title elementor-size-default\">La Pol\u00edtica de Privacidad<\/h2>\t\t\t\t<\/div>\n\t\t\t\t<\/div>\n\t\t\t\t<\/div>\n\t\t<div class=\"elementor-element elementor-element-c0bd420 e-con-full e-flex e-con e-child\" data-id=\"c0bd420\" data-element_type=\"container\" data-e-type=\"container\">\n\t\t\t\t<\/div>\n\t\t\t\t<\/div>\n\t\t<div class=\"elementor-element elementor-element-eab5b4d e-flex e-con-boxed e-con e-parent\" data-id=\"eab5b4d\" data-element_type=\"container\" data-e-type=\"container\">\n\t\t\t\t\t<div class=\"e-con-inner\">\n\t\t\t\t<div class=\"elementor-element elementor-element-c58d558 elementor-widget elementor-widget-heading\" data-id=\"c58d558\" data-element_type=\"widget\" data-e-type=\"widget\" data-widget_type=\"heading.default\">\n\t\t\t\t<div class=\"elementor-widget-container\">\n\t\t\t\t\t<h2 class=\"elementor-heading-title elementor-size-default\">La Pol\u00edtica de Privacidad forma parte de las Condiciones Generales que rigen la presente Web.<\/h2>\t\t\t\t<\/div>\n\t\t\t\t<\/div>\n\t\t\t\t<div class=\"elementor-element elementor-element-70aa8c5 elementor-widget elementor-widget-text-editor\" data-id=\"70aa8c5\" data-element_type=\"widget\" data-e-type=\"widget\" data-widget_type=\"text-editor.default\">\n\t\t\t\t<div class=\"elementor-widget-container\">\n\t\t\t\t\t\t\t\t\t<div class=\" bd-stretchtobottom-1 bd-stretch-to-bottom\" data-control-selector=\".bd-contentlayout-1\"><div class=\"bd-contentlayout-1 bd-page-width bd-sheetstyles bd-no-margins bd-margins\"><div class=\"bd-container-inner\"><div class=\"bd-flex-vertical bd-stretch-inner bd-no-margins\"><div class=\"bd-flex-horizontal bd-flex-wide bd-no-margins\"><div class=\"bd-flex-vertical bd-flex-wide bd-no-margins\"><div class=\" bd-layoutitemsbox-1 bd-flex-wide bd-margins\"><div class=\" bd-content-7\"><div class=\" bd-blog-5 bd-page-width \"><div class=\"bd-container-inner\"><div class=\" bd-grid-7 bd-margins\"><div class=\"container-fluid\"><div class=\"separated-grid row\"><div class=\"separated-item-46 col-md-12 first-col last-row last-col\"><div class=\"bd-griditem-46\"><article class=\" bd-article-4\"><div class=\" bd-postcontent-4 bd-tagstyles bd-contentlayout-offset\"><p><strong>\u00bfQui\u00e9n es el responsable del tratamiento de sus datos?<\/strong><br \/>METAL FRAME RENOVABLES S.L. CIF: B06754634<br \/>Domicilio: c\/ Pedregales, 16, 06400 Don Benito (Badajoz)<br \/>Tel\u00e9fono: 924 290 111 \/ 613 006 138<br \/>Correo electr\u00f3nico:\u00a0<span id=\"cloakfd474925fe55f3cfc1c021d7cf6207f4\"><a href=\"mailto:info@mfrenovables.com\">info@mfrenovables.com<\/a><\/span><br \/>Puedes dirigirte de cualquier forma para comunicarte con nosotros.<br \/>Nos reservamos el derecho a modificar o adaptar la presente Pol\u00edtica de Privacidad en cualquier momento. Te recomendamos revisar la misma, y si te has registrado y accedes a tu cuenta o perfil, se te informar\u00e1 de las modificaciones.<\/p><p><strong>\u00bfCon que finalidades vamos a tratar sus datos personales?<\/strong><br \/><strong>&#8211; Clientes:<\/strong><br \/>En\u00a0METAL FRAME RENOVABLES S.L. vamos a tratar sus datos personales con las siguientes finalidades: mantenimiento y gesti\u00f3n de la relaci\u00f3n contractual y\u00a0 precontractual. Env\u00edo de comunicaciones sobre informaci\u00f3n comercial o de eventos por medios electr\u00f3nicos. Env\u00edo de comunicaciones comerciales por v\u00eda electr\u00f3nica sobre nuestros productos o servicios que puedan resultar de mi inter\u00e9s.<br \/><strong>&#8211; Proveedores:<\/strong><br \/>En\u00a0METAL FRAME RENOVABLES S.L. vamos a tratar sus datos personales con la finalidad de facturaci\u00f3n.<br \/><strong>&#8211; Contactos de la web o del correo electr\u00f3nico:<\/strong><br \/>En\u00a0METAL FRAME RENOVABLES S.L. vamos a tratar sus datos personales con las siguientes finalidades: Contestar a sus consultas, solicitudes o peticiones. Gestionar el servicio solicitado, contestar tu solicitud, o tramitar tu petici\u00f3n.<br \/><strong>&#8211; Contactos del newsletter:<\/strong><br \/>En la Web, se permite suscribirse al Newsletter, si nos facilitas una direcci\u00f3n de correo electr\u00f3nico, a la que se remitir\u00e1 la misma. Almacenaremos \u00fanicamente tu email en nuestra base de datos, y procederemos a enviarte correos peri\u00f3dicamente, hasta que solicites la baja, o dejemos de enviar correos.<br \/><strong>&#8211; Socios:<\/strong><br \/>En\u00a0METAL FRAME RENOVABLES S.L. vamos a tratar sus datos personales con las siguientes finalidades: Organizaci\u00f3n de las actuaciones necesarias para la consecuci\u00f3n de los fines de la sociedad. Gesti\u00f3n interna y cumplimiento legal de la misma. Convocatoria de juntas. Realizar las transacciones que correspondan. Declaraci\u00f3n de los impuestos oportunos.<br \/><strong>&#8211; Demandantes de empleo:<\/strong><br \/>En\u00a0METAL FRAME RENOVABLES S.L. vamos a tratar sus datos personales con las siguientes finalidades: Organizaci\u00f3n de procesos de selecci\u00f3n para la contrataci\u00f3n de empleados. Citarle para entrevistas de trabajo y evaluar su candidatura. Si nos ha dado su consentimiento, podremos mantener su CV para hacerle part\u00edcipe en nuevos procesos de selecci\u00f3n. Si nos ha dado su consentimiento, podremos comunicar su CV a empresas del grupo, colaboradoras o afines, con el \u00fanico objetivo de hacerle part\u00edcipe en sus procesos de selecci\u00f3n.<\/p><p><strong>\u00bfCu\u00e1l es la legitimaci\u00f3n para el tratamiento de sus datos?<\/strong><br \/><strong>&#8211; Clientes:<\/strong><br \/>La base legal para el tratamiento de sus datos es la ejecuci\u00f3n de un contrato y mantenimiento de la relaci\u00f3n contractual. La oferta de productos y servicios a trav\u00e9s de medios electr\u00f3nicos est\u00e1 basada en el consentimiento que se le solicita, sin que en ning\u00fan caso la retirada de este consentimiento condicione la ejecuci\u00f3n del contrato.<br \/><strong>&#8211; Proveedores:<\/strong><br \/>La base legal para el tratamiento de sus datos es la ejecuci\u00f3n de un contrato y mantenimiento de la relaci\u00f3n contractual.<br \/><strong>&#8211; Contactos de la web o del correo electr\u00f3nico:<\/strong><br \/>La base legal para el tratamiento de sus datos es el consentimiento del interesado. En aquellos casos donde para realizar una solicitud sea necesario cumplimentar un formulario y hacer un \u00abclick\u00bb en el bot\u00f3n de enviar, la realizaci\u00f3n del mismo implicar\u00e1 necesariamente que ha sido informado y ha otorgado expresamente su consentimiento al contenido de la cl\u00e1usula anexada a dicho formulario o aceptaci\u00f3n de la pol\u00edtica de privacidad.<br \/><strong>&#8211; Contactos del newsletter:<\/strong><br \/>La base legal para el tratamiento de sus datos es la aceptaci\u00f3n y consentimiento del interesado. En aquellos casos donde se suscriba ser\u00e1 necesario aceptar un checkbox y clicar en el bot\u00f3n de enviar. Ello implicar\u00e1 necesariamente que ha sido informado y ha otorgado expresamente su consentimiento a la recepci\u00f3n del newsletter.<br \/><strong>&#8211; Socios:<\/strong><br \/>La base legal para el tratamiento de sus datos es contractual, la aceptaci\u00f3n de un contrato bien de compraventa de acciones o similar, o bien la participaci\u00f3n en la constituci\u00f3n de la sociedad. La base legal para el tratamiento de sus datos es de origen contractual, la aceptaci\u00f3n de<br \/><strong>&#8211; Demandantes de empleo:<\/strong><br \/>La base legal para el tratamiento de sus datos es su consentimiento inequ\u00edvoco, al entregarnos su CV y recibir y firmar informaci\u00f3n relativa a los tratamientos que vamos a efectuar.<\/p><p><strong>\u00bfA qu\u00e9 destinatarios se comunicar\u00e1n sus datos?<\/strong><br \/>Sus datos no se ceder\u00e1n a terceros, salvo obligaci\u00f3n legal. En concreto se comunicar\u00e1n a la Agencia Estatal de la Administraci\u00f3n Tributaria y a bancos y entidades financieras para el cobro del servicio prestado o producto adquirido, s\u00ed como a los encargados del tratamiento necesarios para la ejecuci\u00f3n del acuerdo.<\/p><p><strong>\u00bfQu\u00e9 medidas de seguridad aplicamos?<\/strong><br \/>Puede estar tranquilo, hemos adoptado un nivel \u00f3ptimo de protecci\u00f3n de los Datos Personales que manejamos, y hemos instalado todos los medios y medidas t\u00e9cnicas a nuestra disposici\u00f3n seg\u00fan el estado de la tecnolog\u00eda para evitar la p\u00e9rdida, mal uso, alteraci\u00f3n, acceso no autorizado y robo de los Datos Personales.<\/p><p><strong>\u00bfCu\u00e1les son sus derechos cuando nos facilita sus datos?<\/strong><br \/>Cualquier persona tiene derecho a obtener confirmaci\u00f3n sobre la existencia de un tratamiento sus datos personales, a acceder a sus datos personales, solicitar la rectificaci\u00f3n de los mismos que sean inexactos o, en su caso, solicitar la supresi\u00f3n, cuando entre otros motivos, los datos ya no sean necesarios para los fines para los que fueron recogidos o el interesado retire el consentimiento otorgado.<br \/>En determinados supuestos el interesado podr\u00e1 solicitar la limitaci\u00f3n del tratamiento de sus datos, en cuyo caso s\u00f3lo los conservaremos de acuerdo con la normativa vigente.<br \/>En determinados supuestos puede ejercitar su derecho a la portabilidad de los datos, que ser\u00e1n entregados en un formato estructurado, de uso com\u00fan o lectura mec\u00e1nica a usted o el nuevo responsable de tratamiento que designe.<br \/>Tiene derecho a revocar en cualquier momento el consentimiento para cualquiera de los tratamientos para los que lo ha otorgado.<br \/>METAL FRAME RENOVABLES S.L. dispone de formularios para el ejercicio de derechos que pueden ser solicitados al email\u00a0<span id=\"cloak329486344a70f8b022f867af5d79334a\"><a href=\"mailto:info@mfrenovables.com\">info@mfrenovables.com<\/a><\/span><span id=\"cloak3e42a359962315811f8da75005879985\"><\/span>\u00a0o utilizar los elaborados por la Agencia Espa\u00f1ola de Protecci\u00f3n de Datos o terceros. Estos formularios deber\u00e1n ir firmados electr\u00f3nicamente o ser acompa\u00f1ados de fotocopia del DNI. Si se act\u00faa por medio de representante de la misma manera deber\u00e1 ir acompa\u00f1ado de copia de su DNI o con firma electr\u00f3nica.<br \/>Los formularios deber\u00e1n ser presentados presencialmente a\u00a0METAL FRAME RENOVABLES S.L. o remitidos por correo postal o electr\u00f3nico en las direcciones que aparecen en el apartado \u201cResponsable\u201d.<br \/>Tiene derecho a presentar una reclamaci\u00f3n ante la Agencia Espa\u00f1ola de Protecci\u00f3n de Datos en el supuesto que considere que no se ha atendido\u00a0 convenientemente el ejercicio de sus derechos. El plazo m\u00e1ximo para resolver es el de un mes a contar desde la recepci\u00f3n de su solicitud.<br \/>En el caso de producirse alguna modificaci\u00f3n de sus datos, le agradecemos nos lo comunique debidamente por escrito con la finalidad de mantener sus datos actualizados.<\/p><p><strong>\u00bfPor cu\u00e1nto tiempo conservaremos sus datos?<\/strong><br \/>Los datos personales ser\u00e1n mantenidos mientras se mantenga la vinculaci\u00f3n con METAL FRAME RENOVABLES S.L. Al finalizar los mismos, los datos personales tratados en cada una de las finalidades indicadas se mantendr\u00e1n durante los plazos legalmente previstos o durante el plazo que un juez o tribunal los pueda requerir atendiendo al plazo de prescripci\u00f3n de acciones judiciales. Los datos tratados se mantendr\u00e1n en tanto no expiren los plazos legales aludidos anteriormente, si hubiera obligaci\u00f3n legal de mantenimiento, o de no existir ese plazo legal, hasta que el interesado solicite su supresi\u00f3n o revoque el<br \/>consentimiento otorgado.<br \/><img decoding=\"async\" src=\"http:\/\/www.lomanex.com\/images\/privacidad.png\" alt=\"\" \/><\/p><\/div><\/article><div class=\"bd-empty-grid-item\">\u00a0<\/div><div class=\"bd-container-inner\">\u00a0<\/div><\/div><\/div><\/div><\/div><\/div><\/div><\/div><\/div><\/div><\/div><\/div><\/div><\/div><\/div><\/div><footer class=\" bd-footerarea-1 bd-margins\"><section id=\"section11\" class=\" bd-section-11 bd-tagstyles\" data-section-title=\"Section\"><div class=\"bd-container-inner bd-margins clearfix\"><div class=\" bd-flexalign-1 bd-no-margins bd-flexalign\">\u00a0<\/div><\/div><\/section><\/footer>\t\t\t\t\t\t\t\t<\/div>\n\t\t\t\t<\/div>\n\t\t\t\t\t<\/div>\n\t\t\t\t<\/div>\n\t\t\t\t<\/div>\n\t\t","protected":false},"excerpt":{"rendered":"<p>La Pol\u00edtica de Privacidad La Pol\u00edtica de Privacidad forma parte de las Condiciones Generales que rigen la presente Web. \u00bfQui\u00e9n es el responsable del tratamiento de sus datos?METAL FRAME RENOVABLES S.L. CIF: B06754634Domicilio: c\/ Pedregales, 16, 06400 Don Benito (Badajoz)Tel\u00e9fono: 924 290 111 \/ 613 006 138Correo electr\u00f3nico:\u00a0info@mfrenovables.comPuedes dirigirte de cualquier forma para comunicarte con [&hellip;]<\/p>\n","protected":false},"author":1,"featured_media":0,"parent":0,"menu_order":0,"comment_status":"closed","ping_status":"closed","template":"elementor_header_footer","meta":{"footnotes":""},"categories":[],"tags":[],"class_list":["post-2948","page","type-page","status-publish","hentry"],"jetpack_sharing_enabled":true,"_links":{"self":[{"href":"https:\/\/www.mfrenovables.com\/wp-json\/wp\/v2\/pages\/2948","targetHints":{"allow":["GET"]}}],"collection":[{"href":"https:\/\/www.mfrenovables.com\/wp-json\/wp\/v2\/pages"}],"about":[{"href":"https:\/\/www.mfrenovables.com\/wp-json\/wp\/v2\/types\/page"}],"author":[{"embeddable":true,"href":"https:\/\/www.mfrenovables.com\/wp-json\/wp\/v2\/users\/1"}],"replies":[{"embeddable":true,"href":"https:\/\/www.mfrenovables.com\/wp-json\/wp\/v2\/comments?post=2948"}],"version-history":[{"count":14,"href":"https:\/\/www.mfrenovables.com\/wp-json\/wp\/v2\/pages\/2948\/revisions"}],"predecessor-version":[{"id":3021,"href":"https:\/\/www.mfrenovables.com\/wp-json\/wp\/v2\/pages\/2948\/revisions\/3021"}],"wp:attachment":[{"href":"https:\/\/www.mfrenovables.com\/wp-json\/wp\/v2\/media?parent=2948"}],"wp:term":[{"taxonomy":"category","embeddable":true,"href":"https:\/\/www.mfrenovables.com\/wp-json\/wp\/v2\/categories?post=2948"},{"taxonomy":"post_tag","embeddable":true,"href":"https:\/\/www.mfrenovables.com\/wp-json\/wp\/v2\/tags?post=2948"}],"curies":[{"name":"wp","href":"https:\/\/api.w.org\/{rel}","templated":true}]}}