{"id":6797,"date":"2025-11-28T09:04:48","date_gmt":"2025-11-28T09:04:48","guid":{"rendered":"https:\/\/www.mfrenovables.com\/?page_id=6797"},"modified":"2026-04-07T14:37:14","modified_gmt":"2026-04-07T14:37:14","slug":"mf-block","status":"publish","type":"page","link":"https:\/\/www.mfrenovables.com\/mf-block\/","title":{"rendered":"MFBLOCK: Estructura Lastrada para Paneles Solares | Metal Frame"},"content":{"rendered":"\t\t<div data-elementor-type=\"wp-page\" data-elementor-id=\"6797\" class=\"elementor elementor-6797\" data-elementor-post-type=\"page\">\n\t\t\t\t<div class=\"elementor-element elementor-element-11373f2b e-con-full e-flex e-con e-parent\" data-id=\"11373f2b\" data-element_type=\"container\" data-e-type=\"container\" data-settings=\"{&quot;background_background&quot;:&quot;classic&quot;}\">\n\t\t\t\t<div class=\"elementor-element elementor-element-cb911b0 elementor-widget elementor-widget-heading\" data-id=\"cb911b0\" data-element_type=\"widget\" data-e-type=\"widget\" data-widget_type=\"heading.default\">\n\t\t\t\t<div class=\"elementor-widget-container\">\n\t\t\t\t\t<h1 class=\"elementor-heading-title elementor-size-default\">MFBLOCK: Estructura Lastrada para Paneles Solares | Metal Frame<\/h1>\t\t\t\t<\/div>\n\t\t\t\t<\/div>\n\t\t\t\t<div class=\"elementor-element elementor-element-3265b52e elementor-invisible elementor-widget elementor-widget-button\" data-id=\"3265b52e\" data-element_type=\"widget\" data-e-type=\"widget\" data-settings=\"{&quot;_animation&quot;:&quot;fadeInUp&quot;,&quot;_animation_delay&quot;:150}\" data-widget_type=\"button.default\">\n\t\t\t\t<div class=\"elementor-widget-container\">\n\t\t\t\t\t\t\t\t\t<div class=\"elementor-button-wrapper\">\n\t\t\t\t\t<a class=\"elementor-button elementor-button-link elementor-size-sm\" href=\"https:\/\/www.mfrenovables.com\/wp-content\/uploads\/2025\/11\/FICHA-MFBLOC.pdf\" target=\"_blank\">\n\t\t\t\t\t\t<span class=\"elementor-button-content-wrapper\">\n\t\t\t\t\t\t\t\t\t<span class=\"elementor-button-text\">M\u00e1s Informaci\u00f3n<\/span>\n\t\t\t\t\t<\/span>\n\t\t\t\t\t<\/a>\n\t\t\t\t<\/div>\n\t\t\t\t\t\t\t\t<\/div>\n\t\t\t\t<\/div>\n\t\t\t\t<div class=\"elementor-element elementor-element-62743142 elementor-widget__width-initial elementor-invisible elementor-widget elementor-widget-text-editor\" data-id=\"62743142\" data-element_type=\"widget\" data-e-type=\"widget\" data-settings=\"{&quot;_animation&quot;:&quot;fadeInUp&quot;,&quot;_animation_delay&quot;:100}\" data-widget_type=\"text-editor.default\">\n\t\t\t\t<div class=\"elementor-widget-container\">\n\t\t\t\t\t\t\t\t\t<p data-start=\"188\" data-end=\"411\">La soluci\u00f3n lastrada en hormig\u00f3n prefabricado de Metal Frame Renovables para cubiertas sin anclajes ni perforaciones.<\/p>\t\t\t\t\t\t\t\t<\/div>\n\t\t\t\t<\/div>\n\t\t<div class=\"elementor-element elementor-element-2540473f e-con-full logobg-wrapper e-flex e-con e-child\" data-id=\"2540473f\" data-element_type=\"container\" data-e-type=\"container\">\n\t\t\t\t<\/div>\n\t\t<div class=\"elementor-element elementor-element-1ae3a5a2 e-flex e-con-boxed e-con e-child\" data-id=\"1ae3a5a2\" data-element_type=\"container\" data-e-type=\"container\" data-settings=\"{&quot;background_background&quot;:&quot;classic&quot;}\">\n\t\t\t\t\t<div class=\"e-con-inner\">\n\t\t\t\t<div class=\"elementor-element elementor-element-79cee304 elementor-widget elementor-widget-html\" data-id=\"79cee304\" data-element_type=\"widget\" data-e-type=\"widget\" data-widget_type=\"html.default\">\n\t\t\t\t<div class=\"elementor-widget-container\">\n\t\t\t\t\t<style>\nbody {\n    overflow-x: hidden;\n}\n\n\/*hero section css start*\/\n.swiper-slide figure.swiper-slide-inner img {\n    width: 100px\n}\n.client-logos .swiper-wrapper {\n    transition-timing-function: linear;\n}\n.logobg-wrapper {\n    mask-image: linear-gradient(to right, rgba(0, 0, 0, 0) 0%, rgb(0, 0, 0) 12.5%, rgb(0, 0, 0) 87.5%, rgba(0, 0, 0, 0) 100%)\n}\n\/*hero section css start*\/\n\n\/*testimonial section css start*\/\n.flowspace-testimonial .swiper-wrapper {\n    animation: scroll 30s linear infinite;\n}\n@keyframes scroll {\n  from {\n    transform: translateX(0);\n  }\n  to {\n    transform: translateX(calc(-100% - 2rem));\n  }\n}\n\n.flowspace-testimonial-rv .swiper-wrapper {\n    animation: scroll 30s linear infinite reverse;\n}\n@keyframes scroll {\n  from {\n    transform: translateX(0);\n  }\n  to {\n    transform: translateX(calc(-100% - 2rem));\n  }\n}\n\/*testimonial section css end*\/\n\n<\/style>\t\t\t\t<\/div>\n\t\t\t\t<\/div>\n\t\t\t\t\t<\/div>\n\t\t\t\t<\/div>\n\t\t\t\t<\/div>\n\t\t<div class=\"elementor-element elementor-element-bd32e02 e-flex e-con-boxed e-con e-parent\" data-id=\"bd32e02\" data-element_type=\"container\" data-e-type=\"container\" data-settings=\"{&quot;background_background&quot;:&quot;classic&quot;}\">\n\t\t\t\t\t<div class=\"e-con-inner\">\n\t\t<div class=\"elementor-element elementor-element-50f688a e-con-full e-flex e-con e-child\" data-id=\"50f688a\" data-element_type=\"container\" data-e-type=\"container\" data-settings=\"{&quot;sticky&quot;:&quot;top&quot;,&quot;sticky_parent&quot;:&quot;yes&quot;,&quot;sticky_on&quot;:[&quot;desktop&quot;,&quot;tablet&quot;],&quot;sticky_offset&quot;:0,&quot;sticky_effects_offset&quot;:0,&quot;sticky_anchor_link_offset&quot;:0}\">\n\t\t\t\t<div class=\"elementor-element elementor-element-e246401 elementor-widget elementor-widget-spacer\" data-id=\"e246401\" data-element_type=\"widget\" data-e-type=\"widget\" data-widget_type=\"spacer.default\">\n\t\t\t\t<div class=\"elementor-widget-container\">\n\t\t\t\t\t\t\t<div class=\"elementor-spacer\">\n\t\t\t<div class=\"elementor-spacer-inner\"><\/div>\n\t\t<\/div>\n\t\t\t\t\t\t<\/div>\n\t\t\t\t<\/div>\n\t\t\t\t<div class=\"elementor-element elementor-element-be56201 elementor-hidden-tablet elementor-hidden-mobile elementor-widget elementor-widget-image\" data-id=\"be56201\" data-element_type=\"widget\" data-e-type=\"widget\" data-widget_type=\"image.default\">\n\t\t\t\t<div class=\"elementor-widget-container\">\n\t\t\t\t\t\t\t\t\t\t\t\t\t\t\t<img decoding=\"async\" width=\"56\" height=\"56\" src=\"https:\/\/www.mfrenovables.com\/wp-content\/uploads\/2024\/12\/Icon.svg\" class=\"attachment-large size-large wp-image-521\" alt=\"\" \/>\t\t\t\t\t\t\t\t\t\t\t\t\t\t\t<\/div>\n\t\t\t\t<\/div>\n\t\t\t\t<div class=\"elementor-element elementor-element-b5052dd elementor-widget__width-inherit elementor-widget elementor-widget-heading\" data-id=\"b5052dd\" data-element_type=\"widget\" data-e-type=\"widget\" data-widget_type=\"heading.default\">\n\t\t\t\t<div class=\"elementor-widget-container\">\n\t\t\t\t\t<h2 class=\"elementor-heading-title elementor-size-default\">MFBLOCK<\/h2>\t\t\t\t<\/div>\n\t\t\t\t<\/div>\n\t\t\t\t<div class=\"elementor-element elementor-element-0f506c0 elementor-widget elementor-widget-text-editor\" data-id=\"0f506c0\" data-element_type=\"widget\" data-e-type=\"widget\" data-widget_type=\"text-editor.default\">\n\t\t\t\t<div class=\"elementor-widget-container\">\n\t\t\t\t\t\t\t\t\t<p data-start=\"909\" data-end=\"1226\"><strong data-start=\"909\" data-end=\"919\">MFBLOCK<\/strong>\u00a0es una estructura inclinada con soporte de hormig\u00f3n prefabricado de alta durabilidad, que <strong data-start=\"1016\" data-end=\"1052\">no necesita anclajes ni taladros<\/strong> para su instalaci\u00f3n. Gracias a su dise\u00f1o autolastrado, garantiza una elevada estabilidad estructural, incluso en condiciones clim\u00e1ticas exigentes o zonas de viento elevado.<\/p><p data-start=\"1228\" data-end=\"1526\">El sistema ha sido dise\u00f1ado para albergar <strong data-start=\"1270\" data-end=\"1318\">una fila horizontal de m\u00f3dulos fotovoltaicos<\/strong> y es compatible con refuerzos adicionales mediante bordillos est\u00e1ndar (hasta 6 por soporte) para aumentar el peso y garantizar el cumplimiento normativo en cada proyecto.<\/p>\t\t\t\t\t\t\t\t<\/div>\n\t\t\t\t<\/div>\n\t\t\t\t<div class=\"elementor-element elementor-element-12a1b87 btn-icong elementor-align-left elementor-widget__width-initial elementor-widget elementor-widget-button\" data-id=\"12a1b87\" data-element_type=\"widget\" data-e-type=\"widget\" data-widget_type=\"button.default\">\n\t\t\t\t<div class=\"elementor-widget-container\">\n\t\t\t\t\t\t\t\t\t<div class=\"elementor-button-wrapper\">\n\t\t\t\t\t<a class=\"elementor-button elementor-button-link elementor-size-sm\" href=\"https:\/\/www.mfrenovables.com\/contacto\/\">\n\t\t\t\t\t\t<span class=\"elementor-button-content-wrapper\">\n\t\t\t\t\t\t<span class=\"elementor-button-icon\">\n\t\t\t\t<svg aria-hidden=\"true\" class=\"e-font-icon-svg e-fas-chevron-right\" viewBox=\"0 0 320 512\" xmlns=\"http:\/\/www.w3.org\/2000\/svg\"><path d=\"M285.476 272.971L91.132 467.314c-9.373 9.373-24.569 9.373-33.941 0l-22.667-22.667c-9.357-9.357-9.375-24.522-.04-33.901L188.505 256 34.484 101.255c-9.335-9.379-9.317-24.544.04-33.901l22.667-22.667c9.373-9.373 24.569-9.373 33.941 0L285.475 239.03c9.373 9.372 9.373 24.568.001 33.941z\"><\/path><\/svg>\t\t\t<\/span>\n\t\t\t\t\t\t\t\t\t<span class=\"elementor-button-text\">Contactar<\/span>\n\t\t\t\t\t<\/span>\n\t\t\t\t\t<\/a>\n\t\t\t\t<\/div>\n\t\t\t\t\t\t\t\t<\/div>\n\t\t\t\t<\/div>\n\t\t\t\t<div class=\"elementor-element elementor-element-3d573b0 elementor-hidden-mobile elementor-widget elementor-widget-spacer\" data-id=\"3d573b0\" data-element_type=\"widget\" data-e-type=\"widget\" data-widget_type=\"spacer.default\">\n\t\t\t\t<div class=\"elementor-widget-container\">\n\t\t\t\t\t\t\t<div class=\"elementor-spacer\">\n\t\t\t<div class=\"elementor-spacer-inner\"><\/div>\n\t\t<\/div>\n\t\t\t\t\t\t<\/div>\n\t\t\t\t<\/div>\n\t\t\t\t<\/div>\n\t\t<div class=\"elementor-element elementor-element-c1f83a9 e-con-full e-flex e-con e-child\" data-id=\"c1f83a9\" data-element_type=\"container\" data-e-type=\"container\">\n\t\t\t\t<div class=\"elementor-element elementor-element-2513c9b elementor-widget elementor-widget-spacer\" data-id=\"2513c9b\" data-element_type=\"widget\" data-e-type=\"widget\" data-widget_type=\"spacer.default\">\n\t\t\t\t<div class=\"elementor-widget-container\">\n\t\t\t\t\t\t\t<div class=\"elementor-spacer\">\n\t\t\t<div class=\"elementor-spacer-inner\"><\/div>\n\t\t<\/div>\n\t\t\t\t\t\t<\/div>\n\t\t\t\t<\/div>\n\t\t\t\t<div class=\"elementor-element elementor-element-b5224bf elementor-widget__width-initial elementor-widget elementor-widget-text-editor\" data-id=\"b5224bf\" data-element_type=\"widget\" data-e-type=\"widget\" data-widget_type=\"text-editor.default\">\n\t\t\t\t<div class=\"elementor-widget-container\">\n\t\t\t\t\t\t\t\t\t<h4>ESTRUCTURA MFBLOCK<\/h4>\t\t\t\t\t\t\t\t<\/div>\n\t\t\t\t<\/div>\n\t\t<div class=\"elementor-element elementor-element-065eb98 e-con-full e-transform e-flex e-con e-child\" data-id=\"065eb98\" data-element_type=\"container\" data-e-type=\"container\" data-settings=\"{&quot;background_background&quot;:&quot;slideshow&quot;,&quot;_transform_scale_effect_hover&quot;:{&quot;unit&quot;:&quot;px&quot;,&quot;size&quot;:1.02,&quot;sizes&quot;:[]},&quot;background_slideshow_gallery&quot;:[{&quot;id&quot;:6845,&quot;url&quot;:&quot;https:\\\/\\\/www.mfrenovables.com\\\/wp-content\\\/uploads\\\/2025\\\/11\\\/producto-3-mfr-bloc.webp&quot;},{&quot;id&quot;:6846,&quot;url&quot;:&quot;https:\\\/\\\/www.mfrenovables.com\\\/wp-content\\\/uploads\\\/2025\\\/11\\\/producto-mfr-bloc-4.webp&quot;}],&quot;background_slideshow_slide_duration&quot;:3000,&quot;background_slideshow_ken_burns&quot;:&quot;yes&quot;,&quot;background_slideshow_loop&quot;:&quot;yes&quot;,&quot;background_slideshow_slide_transition&quot;:&quot;fade&quot;,&quot;background_slideshow_transition_duration&quot;:500,&quot;background_slideshow_ken_burns_zoom_direction&quot;:&quot;in&quot;,&quot;_transform_scale_effect_hover_tablet&quot;:{&quot;unit&quot;:&quot;px&quot;,&quot;size&quot;:&quot;&quot;,&quot;sizes&quot;:[]},&quot;_transform_scale_effect_hover_mobile&quot;:{&quot;unit&quot;:&quot;px&quot;,&quot;size&quot;:&quot;&quot;,&quot;sizes&quot;:[]}}\">\n\t\t<div class=\"elementor-element elementor-element-f7e5508 e-con-full e-flex e-con e-child\" data-id=\"f7e5508\" data-element_type=\"container\" data-e-type=\"container\">\n\t\t<div class=\"elementor-element elementor-element-a6ec76a e-con-full e-flex e-con e-child\" data-id=\"a6ec76a\" data-element_type=\"container\" data-e-type=\"container\">\n\t\t\t\t<div class=\"elementor-element elementor-element-2d2dbef elementor-widget elementor-widget-heading\" data-id=\"2d2dbef\" data-element_type=\"widget\" data-e-type=\"widget\" data-widget_type=\"heading.default\">\n\t\t\t\t<div class=\"elementor-widget-container\">\n\t\t\t\t\t<span class=\"elementor-heading-title elementor-size-default\">(01)<\/span>\t\t\t\t<\/div>\n\t\t\t\t<\/div>\n\t\t\t\t<\/div>\n\t\t\t\t<\/div>\n\t\t<div class=\"elementor-element elementor-element-8dc0420 e-con-full e-flex e-con e-child\" data-id=\"8dc0420\" data-element_type=\"container\" data-e-type=\"container\">\n\t\t\t\t<\/div>\n\t\t\t\t<\/div>\n\t\t\t\t<div class=\"elementor-element elementor-element-55c3059 btn-icong elementor-align-left elementor-widget__width-initial elementor-widget elementor-widget-button\" data-id=\"55c3059\" data-element_type=\"widget\" data-e-type=\"widget\" data-widget_type=\"button.default\">\n\t\t\t\t<div class=\"elementor-widget-container\">\n\t\t\t\t\t\t\t\t\t<div class=\"elementor-button-wrapper\">\n\t\t\t\t\t<a class=\"elementor-button elementor-button-link elementor-size-sm\" href=\"https:\/\/www.mfrenovables.com\/wp-content\/uploads\/2026\/03\/FICHA-MFBLOCK_HORMIGON.pdf\" target=\"_blank\">\n\t\t\t\t\t\t<span class=\"elementor-button-content-wrapper\">\n\t\t\t\t\t\t<span class=\"elementor-button-icon\">\n\t\t\t\t<svg aria-hidden=\"true\" class=\"e-font-icon-svg e-fas-chevron-right\" viewBox=\"0 0 320 512\" xmlns=\"http:\/\/www.w3.org\/2000\/svg\"><path d=\"M285.476 272.971L91.132 467.314c-9.373 9.373-24.569 9.373-33.941 0l-22.667-22.667c-9.357-9.357-9.375-24.522-.04-33.901L188.505 256 34.484 101.255c-9.335-9.379-9.317-24.544.04-33.901l22.667-22.667c9.373-9.373 24.569-9.373 33.941 0L285.475 239.03c9.373 9.372 9.373 24.568.001 33.941z\"><\/path><\/svg>\t\t\t<\/span>\n\t\t\t\t\t\t\t\t\t<span class=\"elementor-button-text\">Descarga Ficha t\u00e9cnica<\/span>\n\t\t\t\t\t<\/span>\n\t\t\t\t\t<\/a>\n\t\t\t\t<\/div>\n\t\t\t\t\t\t\t\t<\/div>\n\t\t\t\t<\/div>\n\t\t\t\t<div class=\"elementor-element elementor-element-843efdc elementor-widget__width-initial elementor-widget elementor-widget-text-editor\" data-id=\"843efdc\" data-element_type=\"widget\" data-e-type=\"widget\" data-widget_type=\"text-editor.default\">\n\t\t\t\t<div class=\"elementor-widget-container\">\n\t\t\t\t\t\t\t\t\t<h4>Descubre nuestros lastres para soluciones MF Renovables:<\/h4>\t\t\t\t\t\t\t\t<\/div>\n\t\t\t\t<\/div>\n\t\t<div class=\"elementor-element elementor-element-3d9a93a e-con-full e-transform e-flex e-con e-child\" data-id=\"3d9a93a\" data-element_type=\"container\" data-e-type=\"container\" data-settings=\"{&quot;background_background&quot;:&quot;slideshow&quot;,&quot;_transform_scale_effect_hover&quot;:{&quot;unit&quot;:&quot;px&quot;,&quot;size&quot;:1.02,&quot;sizes&quot;:[]},&quot;background_slideshow_gallery&quot;:[{&quot;id&quot;:6850,&quot;url&quot;:&quot;https:\\\/\\\/www.mfrenovables.com\\\/wp-content\\\/uploads\\\/2025\\\/11\\\/producto-mfr-bloc-7.webp&quot;},{&quot;id&quot;:9728,&quot;url&quot;:&quot;https:\\\/\\\/www.mfrenovables.com\\\/wp-content\\\/uploads\\\/2026\\\/03\\\/mfblock_mfr.webp&quot;}],&quot;background_slideshow_slide_duration&quot;:3000,&quot;background_slideshow_ken_burns&quot;:&quot;yes&quot;,&quot;background_slideshow_loop&quot;:&quot;yes&quot;,&quot;background_slideshow_slide_transition&quot;:&quot;fade&quot;,&quot;background_slideshow_transition_duration&quot;:500,&quot;background_slideshow_ken_burns_zoom_direction&quot;:&quot;in&quot;,&quot;_transform_scale_effect_hover_tablet&quot;:{&quot;unit&quot;:&quot;px&quot;,&quot;size&quot;:&quot;&quot;,&quot;sizes&quot;:[]},&quot;_transform_scale_effect_hover_mobile&quot;:{&quot;unit&quot;:&quot;px&quot;,&quot;size&quot;:&quot;&quot;,&quot;sizes&quot;:[]}}\">\n\t\t<div class=\"elementor-element elementor-element-09247f6 e-con-full e-flex e-con e-child\" data-id=\"09247f6\" data-element_type=\"container\" data-e-type=\"container\">\n\t\t<div class=\"elementor-element elementor-element-81e88f6 e-con-full e-flex e-con e-child\" data-id=\"81e88f6\" data-element_type=\"container\" data-e-type=\"container\">\n\t\t\t\t<div class=\"elementor-element elementor-element-fbb142e elementor-widget elementor-widget-heading\" data-id=\"fbb142e\" data-element_type=\"widget\" data-e-type=\"widget\" data-widget_type=\"heading.default\">\n\t\t\t\t<div class=\"elementor-widget-container\">\n\t\t\t\t\t<span class=\"elementor-heading-title elementor-size-default\">(03)<\/span>\t\t\t\t<\/div>\n\t\t\t\t<\/div>\n\t\t\t\t<\/div>\n\t\t\t\t<\/div>\n\t\t<div class=\"elementor-element elementor-element-7da0f00 e-con-full e-flex e-con e-child\" data-id=\"7da0f00\" data-element_type=\"container\" data-e-type=\"container\">\n\t\t\t\t<\/div>\n\t\t\t\t<\/div>\n\t\t\t\t<div class=\"elementor-element elementor-element-f8c08ce btn-icong elementor-align-left elementor-widget__width-initial elementor-widget elementor-widget-button\" data-id=\"f8c08ce\" data-element_type=\"widget\" data-e-type=\"widget\" data-widget_type=\"button.default\">\n\t\t\t\t<div class=\"elementor-widget-container\">\n\t\t\t\t\t\t\t\t\t<div class=\"elementor-button-wrapper\">\n\t\t\t\t\t<a class=\"elementor-button elementor-button-link elementor-size-sm\" href=\"https:\/\/www.mfrenovables.com\/wp-content\/uploads\/2026\/03\/FICHA-LASTRES-HORMIGON.pdf\" target=\"_blank\">\n\t\t\t\t\t\t<span class=\"elementor-button-content-wrapper\">\n\t\t\t\t\t\t<span class=\"elementor-button-icon\">\n\t\t\t\t<svg aria-hidden=\"true\" class=\"e-font-icon-svg e-fas-chevron-right\" viewBox=\"0 0 320 512\" xmlns=\"http:\/\/www.w3.org\/2000\/svg\"><path d=\"M285.476 272.971L91.132 467.314c-9.373 9.373-24.569 9.373-33.941 0l-22.667-22.667c-9.357-9.357-9.375-24.522-.04-33.901L188.505 256 34.484 101.255c-9.335-9.379-9.317-24.544.04-33.901l22.667-22.667c9.373-9.373 24.569-9.373 33.941 0L285.475 239.03c9.373 9.372 9.373 24.568.001 33.941z\"><\/path><\/svg>\t\t\t<\/span>\n\t\t\t\t\t\t\t\t\t<span class=\"elementor-button-text\">Descarga Ficha t\u00e9cnica<\/span>\n\t\t\t\t\t<\/span>\n\t\t\t\t\t<\/a>\n\t\t\t\t<\/div>\n\t\t\t\t\t\t\t\t<\/div>\n\t\t\t\t<\/div>\n\t\t\t\t<div class=\"elementor-element elementor-element-d3ff4eb elementor-widget__width-initial elementor-widget elementor-widget-text-editor\" data-id=\"d3ff4eb\" data-element_type=\"widget\" data-e-type=\"widget\" data-widget_type=\"text-editor.default\">\n\t\t\t\t<div class=\"elementor-widget-container\">\n\t\t\t\t\t\t\t\t\t<p>Metal Frame Renovables ofrece una <strong data-start=\"281\" data-end=\"323\">gama espec\u00edfica de lastres de hormig\u00f3n<\/strong> dise\u00f1ados para complementar sus soluciones estructurales <strong data-start=\"381\" data-end=\"394\">lastradas<\/strong> en cubiertas, garantizando estabilidad, resistencia al viento y cumplimiento normativo sin necesidad de anclajes o perforaciones.<\/p><p>Lastres disponibles para sistemas <strong data-start=\"1189\" data-end=\"1196\">SCA<\/strong>, <strong data-start=\"1198\" data-end=\"1206\">SICA<\/strong> y <strong data-start=\"1209\" data-end=\"1223\">Este-Oeste.<\/strong><\/p>\t\t\t\t\t\t\t\t<\/div>\n\t\t\t\t<\/div>\n\t\t\t\t<\/div>\n\t\t\t\t\t<\/div>\n\t\t\t\t<\/div>\n\t\t<div class=\"elementor-element elementor-element-4ab03a23 e-con-full e-flex e-con e-parent\" data-id=\"4ab03a23\" data-element_type=\"container\" data-e-type=\"container\" data-settings=\"{&quot;background_background&quot;:&quot;classic&quot;}\">\n\t\t<div class=\"elementor-element elementor-element-42afc9ca e-con-full e-flex e-con e-child\" data-id=\"42afc9ca\" data-element_type=\"container\" data-e-type=\"container\">\n\t\t\t\t<div class=\"elementor-element elementor-element-a488edf elementor-widget__width-initial elementor-widget elementor-widget-text-editor\" data-id=\"a488edf\" data-element_type=\"widget\" data-e-type=\"widget\" data-widget_type=\"text-editor.default\">\n\t\t\t\t<div class=\"elementor-widget-container\">\n\t\t\t\t\t\t\t\t\t<h3 data-start=\"3548\" data-end=\"3583\">\u00bfPara qui\u00e9n est\u00e1 pensado MFBLOCK?<\/h3><ul data-start=\"3585\" data-end=\"3851\"><li data-start=\"3585\" data-end=\"3656\"><p data-start=\"3587\" data-end=\"3656\">Instalaciones solares en <strong data-start=\"3612\" data-end=\"3654\">cubiertas planas de naves industriales<\/strong><\/p><\/li><li data-start=\"3657\" data-end=\"3724\"><p data-start=\"3659\" data-end=\"3724\">Centros log\u00edsticos con <strong data-start=\"3682\" data-end=\"3722\">limitaci\u00f3n de cargas o perforaciones<\/strong><\/p><\/li><li data-start=\"3725\" data-end=\"3787\"><p data-start=\"3727\" data-end=\"3787\">Edificios en alquiler o con <strong data-start=\"3755\" data-end=\"3785\">limitaciones estructurales<\/strong><\/p><\/li><li data-start=\"3788\" data-end=\"3851\"><p data-start=\"3790\" data-end=\"3851\">Proyectos que buscan <strong data-start=\"3811\" data-end=\"3851\">una soluci\u00f3n r\u00e1pida y sin obra civil<\/strong><\/p><\/li><\/ul><h3 data-start=\"3858\" data-end=\"3889\">\u00bfPor qu\u00e9 apostar por MFBLOCK?<\/h3><p data-start=\"3891\" data-end=\"4160\">Porque es una estructura <strong data-start=\"3916\" data-end=\"3992\">r\u00e1pida de instalar, segura, sin comprometer la integridad de la cubierta<\/strong>, y con una <strong data-start=\"4004\" data-end=\"4081\">versatilidad total para adaptarse a tus necesidades t\u00e9cnicas y normativas<\/strong>. Todo ello con el sello de calidad e innovaci\u00f3n de <strong data-start=\"4133\" data-end=\"4159\">Metal Frame Renovables<\/strong>.<\/p>\t\t\t\t\t\t\t\t<\/div>\n\t\t\t\t<\/div>\n\t\t\t\t<\/div>\n\t\t\t\t<\/div>\n\t\t\t\t<\/div>\n\t\t","protected":false},"excerpt":{"rendered":"<p>MFBLOCK: Estructura Lastrada para Paneles Solares | Metal Frame M\u00e1s Informaci\u00f3n La soluci\u00f3n lastrada en hormig\u00f3n prefabricado de Metal Frame Renovables para cubiertas sin anclajes ni perforaciones. MFBLOCK MFBLOCK\u00a0es una estructura inclinada con soporte de hormig\u00f3n prefabricado de alta durabilidad, que no necesita anclajes ni taladros para su instalaci\u00f3n. Gracias a su dise\u00f1o autolastrado, garantiza [&hellip;]<\/p>\n","protected":false},"author":1,"featured_media":6838,"parent":0,"menu_order":0,"comment_status":"closed","ping_status":"closed","template":"elementor_header_footer","meta":{"footnotes":""},"categories":[],"tags":[],"class_list":["post-6797","page","type-page","status-publish","has-post-thumbnail","hentry"],"jetpack_sharing_enabled":true,"_links":{"self":[{"href":"https:\/\/www.mfrenovables.com\/wp-json\/wp\/v2\/pages\/6797","targetHints":{"allow":["GET"]}}],"collection":[{"href":"https:\/\/www.mfrenovables.com\/wp-json\/wp\/v2\/pages"}],"about":[{"href":"https:\/\/www.mfrenovables.com\/wp-json\/wp\/v2\/types\/page"}],"author":[{"embeddable":true,"href":"https:\/\/www.mfrenovables.com\/wp-json\/wp\/v2\/users\/1"}],"replies":[{"embeddable":true,"href":"https:\/\/www.mfrenovables.com\/wp-json\/wp\/v2\/comments?post=6797"}],"version-history":[{"count":103,"href":"https:\/\/www.mfrenovables.com\/wp-json\/wp\/v2\/pages\/6797\/revisions"}],"predecessor-version":[{"id":9774,"href":"https:\/\/www.mfrenovables.com\/wp-json\/wp\/v2\/pages\/6797\/revisions\/9774"}],"wp:featuredmedia":[{"embeddable":true,"href":"https:\/\/www.mfrenovables.com\/wp-json\/wp\/v2\/media\/6838"}],"wp:attachment":[{"href":"https:\/\/www.mfrenovables.com\/wp-json\/wp\/v2\/media?parent=6797"}],"wp:term":[{"taxonomy":"category","embeddable":true,"href":"https:\/\/www.mfrenovables.com\/wp-json\/wp\/v2\/categories?post=6797"},{"taxonomy":"post_tag","embeddable":true,"href":"https:\/\/www.mfrenovables.com\/wp-json\/wp\/v2\/tags?post=6797"}],"curies":[{"name":"wp","href":"https:\/\/api.w.org\/{rel}","templated":true}]}}