{"id":2962,"date":"2025-01-22T16:11:26","date_gmt":"2025-01-22T16:11:26","guid":{"rendered":"https:\/\/www.mfrenovables.com\/?page_id=2962"},"modified":"2026-02-27T11:54:57","modified_gmt":"2026-02-27T11:54:57","slug":"politica-de-cookies","status":"publish","type":"page","link":"https:\/\/www.mfrenovables.com\/pt\/politica-cookies\/","title":{"rendered":"Pol\u00edtica de cookies"},"content":{"rendered":"<div data-elementor-type=\"wp-page\" data-elementor-id=\"2962\" class=\"elementor elementor-2962\" data-elementor-post-type=\"page\">\n\t\t\t\t<div class=\"elementor-element elementor-element-0ea57a2 e-con-full e-flex e-con e-parent\" data-id=\"0ea57a2\" data-element_type=\"container\" data-e-type=\"container\">\n\t\t<div class=\"elementor-element elementor-element-b874631 e-con-full e-flex e-con e-child\" data-id=\"b874631\" data-element_type=\"container\" data-e-type=\"container\" data-settings=\"{&quot;background_background&quot;:&quot;classic&quot;}\">\n\t\t\t\t<div class=\"elementor-element elementor-element-8166de6 elementor-widget elementor-widget-image\" data-id=\"8166de6\" data-element_type=\"widget\" data-e-type=\"widget\" data-widget_type=\"image.default\">\n\t\t\t\t<div class=\"elementor-widget-container\">\n\t\t\t\t\t\t\t\t\t\t\t\t\t\t\t<img decoding=\"async\" src=\"https:\/\/www.mfrenovables.com\/test\/wp-content\/uploads\/2024\/11\/Icono.svg\" title=\"\" alt=\"\" loading=\"lazy\" \/>\t\t\t\t\t\t\t\t\t\t\t\t\t\t\t<\/div>\n\t\t\t\t<\/div>\n\t\t\t\t<div class=\"elementor-element elementor-element-530c4ad elementor-widget elementor-widget-heading\" data-id=\"530c4ad\" data-element_type=\"widget\" data-e-type=\"widget\" data-widget_type=\"heading.default\">\n\t\t\t\t<div class=\"elementor-widget-container\">\n\t\t\t\t\t<h2 class=\"elementor-heading-title elementor-size-default\">Pol\u00edtica de cookies<\/h2>\t\t\t\t<\/div>\n\t\t\t\t<\/div>\n\t\t\t\t<\/div>\n\t\t<div class=\"elementor-element elementor-element-6647256 e-con-full e-flex e-con e-child\" data-id=\"6647256\" data-element_type=\"container\" data-e-type=\"container\">\n\t\t\t\t<\/div>\n\t\t\t\t<\/div>\n\t\t<div class=\"elementor-element elementor-element-b5217f1 e-flex e-con-boxed e-con e-parent\" data-id=\"b5217f1\" data-element_type=\"container\" data-e-type=\"container\">\n\t\t\t\t\t<div class=\"e-con-inner\">\n\t\t\t\t<div class=\"elementor-element elementor-element-7d8a024 elementor-widget elementor-widget-text-editor\" data-id=\"7d8a024\" data-element_type=\"widget\" data-e-type=\"widget\" data-widget_type=\"text-editor.default\">\n\t\t\t\t<div class=\"elementor-widget-container\">\n\t\t\t\t\t\t\t\t\t<p>Um cookie \u00e9 um ficheiro que \u00e9 descarregado para o seu computador quando acede a determinados s\u00edtios Web. Os cookies permitem a um s\u00edtio Web, entre outras coisas, armazenar e recuperar informa\u00e7\u00f5es sobre os h\u00e1bitos de navega\u00e7\u00e3o de um utilizador ou do seu computador e, dependendo das informa\u00e7\u00f5es que cont\u00eam e da forma como utiliza o seu computador, podem ser utilizados para reconhecer o utilizador...<\/p><p>O browser do utilizador guarda os cookies no disco r\u00edgido apenas durante a sess\u00e3o atual, ocupando um espa\u00e7o de mem\u00f3ria m\u00ednimo e n\u00e3o prejudicando o computador. Os cookies n\u00e3o cont\u00eam qualquer informa\u00e7\u00e3o pessoal espec\u00edfica e a maioria dos cookies \u00e9 eliminada do disco r\u00edgido no final da sess\u00e3o do browser (os chamados cookies de sess\u00e3o).<\/p><p>A maioria dos navegadores aceita cookies como padr\u00e3o e, independentemente deles, permite ou impede cookies tempor\u00e1rios ou armazenados nas defini\u00e7\u00f5es de seguran\u00e7a.<\/p><p>Sem o seu consentimento expresso atrav\u00e9s da ativa\u00e7\u00e3o dos cookies no seu navegador, este s\u00edtio Web n\u00e3o associar\u00e1 nos cookies os dados armazenados aos seus dados pessoais...<\/p><p><strong>Que tipos de cookies podem ser utilizados neste s\u00edtio Web?<\/strong><\/p><p>-\u00a0<strong>Cookies t\u00e9cnicos<\/strong>S\u00e3o aqueles que permitem ao utilizador navegar atrav\u00e9s de um s\u00edtio web, plataforma ou aplica\u00e7\u00e3o e a utiliza\u00e7\u00e3o das diferentes op\u00e7\u00f5es ou servi\u00e7os que nele existem como, por exemplo, controlar o tr\u00e1fego e a comunica\u00e7\u00e3o de dados, identificar a sess\u00e3o, aceder a partes de acesso restrito, recordar os elementos que comp\u00f5em uma encomenda, realizar o processo de compra de uma encomenda, realizar o pedido de inscri\u00e7\u00e3o ou participa\u00e7\u00e3o num evento, utilizar elementos de seguran\u00e7a durante a navega\u00e7\u00e3o, armazenar conte\u00fados para a difus\u00e3o de v\u00eddeos ou som ou partilhar conte\u00fados atrav\u00e9s das redes sociais.<\/p><p>-\u00a0<strong>Cookies de personaliza\u00e7\u00e3o<\/strong>S\u00e3o aqueles que permitem ao utilizador aceder ao servi\u00e7o com algumas carater\u00edsticas gerais predefinidas de acordo com uma s\u00e9rie de crit\u00e9rios no terminal do utilizador, tais como a l\u00edngua, o tipo de navegador utilizado para aceder ao servi\u00e7o, a configura\u00e7\u00e3o regional a partir da qual se acede ao servi\u00e7o, etc.<\/p><p>-\u00a0<strong>Cookies anal\u00edticos<\/strong>S\u00e3o aqueles que, bem tratados por n\u00f3s ou por terceiros, nos permitem quantificar o n\u00famero de utilizadores e, assim, efetuar a medi\u00e7\u00e3o e a an\u00e1lise estat\u00edstica da utiliza\u00e7\u00e3o que os utilizadores fazem do servi\u00e7o oferecido. Para tal, a sua navega\u00e7\u00e3o no nosso s\u00edtio Web \u00e9 analisada com o objetivo de melhorar a gama de produtos ou servi\u00e7os que oferecemos.<\/p><p>-\u00a0<strong>Cookies de publicidade<\/strong>S\u00e3o aqueles que, processados por n\u00f3s ou por terceiros, nos permitem gerir da forma mais eficaz poss\u00edvel a oferta de espa\u00e7os publicit\u00e1rios no s\u00edtio Web, adaptando o conte\u00fado do an\u00fancio ao conte\u00fado do servi\u00e7o solicitado ou \u00e0 utiliza\u00e7\u00e3o que faz do nosso s\u00edtio Web. Para o efeito, podemos analisar os seus h\u00e1bitos de navega\u00e7\u00e3o na Internet e mostrar-lhe publicidade relacionada com o seu perfil de navega\u00e7\u00e3o.<\/p><p>-\u00a0<strong>Cookies de publicidade comportamental<\/strong>Cookies: S\u00e3o aqueles que permitem a gest\u00e3o, da forma mais eficaz poss\u00edvel, dos espa\u00e7os publicit\u00e1rios que, se for caso disso, o editor tenha inclu\u00eddo num s\u00edtio Web, aplica\u00e7\u00e3o ou plataforma a partir da qual se presta o servi\u00e7o solicitado. Estes cookies armazenam informa\u00e7\u00f5es sobre o comportamento do utilizador obtidas atrav\u00e9s da observa\u00e7\u00e3o cont\u00ednua dos seus h\u00e1bitos de navega\u00e7\u00e3o, o que permite desenvolver um perfil espec\u00edfico para apresentar publicidade com base no mesmo.<\/p><p><strong>Cookies de terceiros<\/strong>Este s\u00edtio Web pode utilizar servi\u00e7os de terceiros que recolhem informa\u00e7\u00f5es para fins estat\u00edsticos, para a utiliza\u00e7\u00e3o do s\u00edtio pelo utilizador e para a presta\u00e7\u00e3o de outros servi\u00e7os relacionados com a atividade do s\u00edtio Web e outros servi\u00e7os da Internet.<\/p><p>Em particular, este s\u00edtio Web utiliza o Google Analytics, um servi\u00e7o de an\u00e1lise da Web fornecido pela Google, Inc., com sede nos Estados Unidos, em 1600 Amphitheatre Parkway, Mountain View, Calif\u00f3rnia 94043. Para fornecer estes servi\u00e7os, utilizam cookies que recolhem informa\u00e7\u00f5es, incluindo o endere\u00e7o IP do utilizador, que s\u00e3o transmitidas, processadas e armazenadas pela Google nos termos definidos no s\u00edtio Web Google.com. Incluindo a poss\u00edvel transmiss\u00e3o dessas informa\u00e7\u00f5es a terceiros por motivos de exig\u00eancia legal ou quando esses terceiros processam as informa\u00e7\u00f5es em nome da Google.<\/p><p><strong>O Utilizador aceita expressamente, ao utilizar este S\u00edtio, o tratamento das informa\u00e7\u00f5es recolhidas da forma e para os fins acima referidos.<\/strong>\u00a0O utilizador reconhece tamb\u00e9m que tem conhecimento da possibilidade de recusar o tratamento desses dados ou informa\u00e7\u00f5es.\u00a0<strong>rejeitando a utiliza\u00e7\u00e3o de cookies, selecionando as defini\u00e7\u00f5es apropriadas no seu browser.<\/strong>. Embora esta op\u00e7\u00e3o de bloquear os cookies no seu navegador possa n\u00e3o lhe permitir utilizar plenamente todas as funcionalidades do s\u00edtio Web.<\/p><p>Pode permitir, bloquear ou apagar os cookies instalados no seu computador, configurando as op\u00e7\u00f5es do navegador instalado no seu computador:<\/p><p>-\u00a0<a href=\"http:\/\/support.google.com\/chrome\/bin\/answer.py?hl=es&amp;answer=95647\" target=\"_blank\" rel=\"nofollow noopener noreferrer\">Cromado<\/a><\/p><p>-\u00a0<a href=\"http:\/\/windows.microsoft.com\/es-es\/windows7\/how-to-manage-cookies-in-internet-explorer-9\" target=\"_blank\" rel=\"nofollow noopener noreferrer\">Explorador<\/a><\/p><p>-\u00a0<a href=\"http:\/\/support.mozilla.org\/es\/kb\/habilitar-y-deshabilitar-cookies-que-los-sitios-we\" target=\"_blank\" rel=\"nofollow noopener noreferrer\">Firefox<\/a><\/p><p>-\u00a0<a href=\"http:\/\/support.apple.com\/kb\/ph5042\" target=\"_blank\" rel=\"nofollow noopener noreferrer\">Safari<\/a><\/p>\t\t\t\t\t\t\t\t<\/div>\n\t\t\t\t<\/div>\n\t\t\t\t\t<\/div>\n\t\t\t\t<\/div>\n\t\t\t\t<\/div>","protected":false},"excerpt":{"rendered":"<p>La Pol\u00edtica de Cookies Una cookie es un fichero que se descarga en tu ordenador al acceder a determinadas p\u00e1ginas web. Las cookies permiten a una p\u00e1gina web, entre otras cosas, almacenar y recuperar informaci\u00f3n sobre los h\u00e1bitos de navegaci\u00f3n de un usuario o de su equipo y, dependiendo de la informaci\u00f3n que contengan y [&hellip;]<\/p>\n","protected":false},"author":1,"featured_media":0,"parent":0,"menu_order":0,"comment_status":"closed","ping_status":"closed","template":"elementor_header_footer","meta":{"footnotes":""},"categories":[],"tags":[],"class_list":["post-2962","page","type-page","status-publish","hentry"],"jetpack_sharing_enabled":true,"_links":{"self":[{"href":"https:\/\/www.mfrenovables.com\/pt\/wp-json\/wp\/v2\/pages\/2962","targetHints":{"allow":["GET"]}}],"collection":[{"href":"https:\/\/www.mfrenovables.com\/pt\/wp-json\/wp\/v2\/pages"}],"about":[{"href":"https:\/\/www.mfrenovables.com\/pt\/wp-json\/wp\/v2\/types\/page"}],"author":[{"embeddable":true,"href":"https:\/\/www.mfrenovables.com\/pt\/wp-json\/wp\/v2\/users\/1"}],"replies":[{"embeddable":true,"href":"https:\/\/www.mfrenovables.com\/pt\/wp-json\/wp\/v2\/comments?post=2962"}],"version-history":[{"count":11,"href":"https:\/\/www.mfrenovables.com\/pt\/wp-json\/wp\/v2\/pages\/2962\/revisions"}],"predecessor-version":[{"id":9029,"href":"https:\/\/www.mfrenovables.com\/pt\/wp-json\/wp\/v2\/pages\/2962\/revisions\/9029"}],"wp:attachment":[{"href":"https:\/\/www.mfrenovables.com\/pt\/wp-json\/wp\/v2\/media?parent=2962"}],"wp:term":[{"taxonomy":"category","embeddable":true,"href":"https:\/\/www.mfrenovables.com\/pt\/wp-json\/wp\/v2\/categories?post=2962"},{"taxonomy":"post_tag","embeddable":true,"href":"https:\/\/www.mfrenovables.com\/pt\/wp-json\/wp\/v2\/tags?post=2962"}],"curies":[{"name":"wp","href":"https:\/\/api.w.org\/{rel}","templated":true}]}}